{"id":1498,"date":"2026-01-08T11:10:23","date_gmt":"2026-01-08T04:10:23","guid":{"rendered":"https:\/\/xstore.evps.dev\/?post_type=product&#038;p=1498"},"modified":"2026-01-11T09:09:25","modified_gmt":"2026-01-11T02:09:25","slug":"cut-dan-dau-thuy-luc","status":"publish","type":"product","link":"https:\/\/xstore.evps.dev\/ja\/product\/cut-dan-dau-thuy-luc\/","title":{"rendered":"C\u00fat d\u1eabn d\u1ea7u thu\u1ef7 l\u1ef1c"},"content":{"rendered":"<p>C\u00fat d\u1eabn d\u1ea7u th\u1ee7y l\u1ef1c \u0111\u01b0\u1ee3c s\u1ea3n xu\u1ea5t b\u1eb1ng ph\u01b0\u01a1ng ph\u00e1p \u0111\u00fac c\u00e1t t\u1eeb nh\u00f4m h\u1ee3p kim ADC12, k\u1ebft h\u1ee3p gia c\u00f4ng CNC ch\u00ednh x\u00e1c \u0111\u1ec3 t\u1ea1o ren v\u00e0 c\u00e1c b\u1ec1 m\u1eb7t l\u1eafp gh\u00e9p. S\u1ea3n ph\u1ea9m \u0111\u1ea3m b\u1ea3o \u0111\u1ed9 b\u1ec1n c\u01a1 h\u1ecdc, \u0111\u1ed9 k\u00edn v\u00e0 kh\u1ea3 n\u0103ng ch\u1ecbu \u00e1p l\u1ef1c, ph\u00f9 h\u1ee3p s\u1eed d\u1ee5ng trong c\u00e1c h\u1ec7 th\u1ed1ng d\u1eabn d\u1ea7u th\u1ee7y l\u1ef1c v\u00e0 \u1ee9ng d\u1ee5ng c\u00f4ng nghi\u1ec7p li\u00ean quan.<\/p>","protected":false},"excerpt":{"rendered":"<ul>\n<li><b>V\u1eadt li\u1ec7u:<\/b> Nh\u00f4m h\u1ee3p kim ADC12<\/li>\n<li><b>Ti\u00eau chu\u1ea9n \u00e1p d\u1ee5ng:<br \/>\n<\/b>JIS B 0403 \u2013 SC8<br \/>\nJIS H 5202:2010<\/li>\n<li><b>Ph\u01b0\u01a1ng ph\u00e1p s\u1ea3n xu\u1ea5t:<\/b> \u0110\u00fac c\u00e1t t\u01b0\u01a1i (Sand Casting)<\/li>\n<li><b>Gia c\u00f4ng:<\/b> Gia c\u00f4ng CNC t\u1ea1o ren v\u00e0 ho\u00e0n thi\u1ec7n b\u1ec1 m\u1eb7t<\/li>\n<\/ul>","protected":false},"featured_media":1500,"comment_status":"open","ping_status":"closed","template":"","meta":[],"etheme_brands":[{"term_id":53,"name":"Thi\u1ebft b\u1ecb ng\u00e0nh n\u01b0\u1edbc","slug":"thiet-bi-nganh-nuoc","term_group":0,"term_taxonomy_id":53,"taxonomy":"brand","description":"","parent":0,"count":7,"filter":"raw"}],"product_brand":[],"product_cat":[36],"product_tag":[],"class_list":{"0":"post-1498","1":"product","2":"type-product","3":"status-publish","4":"has-post-thumbnail","6":"brand-thiet-bi-nganh-nuoc","7":"product_cat-duc-khuon-cat","9":"first","10":"instock","11":"shipping-taxable","12":"product-type-simple"},"_links":{"self":[{"href":"https:\/\/xstore.evps.dev\/ja\/wp-json\/wp\/v2\/product\/1498","targetHints":{"allow":["GET"]}}],"collection":[{"href":"https:\/\/xstore.evps.dev\/ja\/wp-json\/wp\/v2\/product"}],"about":[{"href":"https:\/\/xstore.evps.dev\/ja\/wp-json\/wp\/v2\/types\/product"}],"replies":[{"embeddable":true,"href":"https:\/\/xstore.evps.dev\/ja\/wp-json\/wp\/v2\/comments?post=1498"}],"version-history":[{"count":2,"href":"https:\/\/xstore.evps.dev\/ja\/wp-json\/wp\/v2\/product\/1498\/revisions"}],"predecessor-version":[{"id":1504,"href":"https:\/\/xstore.evps.dev\/ja\/wp-json\/wp\/v2\/product\/1498\/revisions\/1504"}],"wp:featuredmedia":[{"embeddable":true,"href":"https:\/\/xstore.evps.dev\/ja\/wp-json\/wp\/v2\/media\/1500"}],"wp:attachment":[{"href":"https:\/\/xstore.evps.dev\/ja\/wp-json\/wp\/v2\/media?parent=1498"}],"wp:term":[{"taxonomy":"brand","embeddable":true,"href":"https:\/\/xstore.evps.dev\/ja\/wp-json\/wp\/v2\/etheme_brands?post=1498"},{"taxonomy":"product_brand","embeddable":true,"href":"https:\/\/xstore.evps.dev\/ja\/wp-json\/wp\/v2\/product_brand?post=1498"},{"taxonomy":"product_cat","embeddable":true,"href":"https:\/\/xstore.evps.dev\/ja\/wp-json\/wp\/v2\/product_cat?post=1498"},{"taxonomy":"product_tag","embeddable":true,"href":"https:\/\/xstore.evps.dev\/ja\/wp-json\/wp\/v2\/product_tag?post=1498"}],"curies":[{"name":"wp","href":"https:\/\/api.w.org\/{rel}","templated":true}]}}