{"id":1507,"date":"2026-01-08T11:22:21","date_gmt":"2026-01-08T04:22:21","guid":{"rendered":"https:\/\/xstore.evps.dev\/?post_type=product&#038;p=1507"},"modified":"2026-01-11T09:10:11","modified_gmt":"2026-01-11T02:10:11","slug":"canh-cua-che-sang-tau-thuy","status":"publish","type":"product","link":"https:\/\/xstore.evps.dev\/ja\/product\/canh-cua-che-sang-tau-thuy\/","title":{"rendered":"Ca\u0301nh cu\u031b\u0309a che sa\u0301ng ta\u0300u thuy\u0309"},"content":{"rendered":"<p>C\u00e1nh c\u1eeda che s\u00e1ng t\u00e0u th\u1ee7y \u0111\u01b0\u1ee3c s\u1ea3n xu\u1ea5t b\u1eb1ng ph\u01b0\u01a1ng ph\u00e1p \u0111\u00fac c\u00e1t t\u1eeb nh\u00f4m h\u1ee3p kim AlSi10Mg, \u0111\u1ea3m b\u1ea3o \u0111\u1ed9 b\u1ec1n c\u01a1 h\u1ecdc, kh\u1ea3 n\u0103ng ch\u1ed1ng \u0103n m\u00f2n v\u00e0 \u0111\u1ed9 \u1ed5n \u0111\u1ecbnh khi l\u00e0m vi\u1ec7c trong m\u00f4i tr\u01b0\u1eddng h\u00e0ng h\u1ea3i. S\u1ea3n ph\u1ea9m c\u00f3 k\u1ebft c\u1ea5u ch\u1eafc ch\u1eafn, h\u00ecnh d\u1ea1ng ch\u00ednh x\u00e1c theo b\u1ea3n v\u1ebd, ph\u00f9 h\u1ee3p l\u1eafp \u0111\u1eb7t cho c\u00e1c h\u1ec7 th\u1ed1ng c\u1eeda v\u00e0 che s\u00e1ng tr\u00ean t\u00e0u th\u1ee7y.<\/p>","protected":false},"excerpt":{"rendered":"<ul>\n<li><b>V\u1eadt li\u1ec7u:<\/b> Nh\u00f4m h\u1ee3p kim AC7A<\/li>\n<li><b>Ti\u00eau chu\u1ea9n \u00e1p d\u1ee5ng:<br \/>\n<\/b>JIS B 0403 \u2013 SC8<br \/>\nJIS H 5202:2010<\/li>\n<li><b>Ph\u01b0\u01a1ng ph\u00e1p s\u1ea3n xu\u1ea5t:<\/b> \u0110\u00fac c\u00e1t t\u01b0\u01a1i (Sand Casting)<\/li>\n<\/ul>","protected":false},"featured_media":1508,"comment_status":"open","ping_status":"closed","template":"","meta":[],"etheme_brands":[{"term_id":51,"name":"Thi\u1ebft b\u1ecb t\u00e0u thu\u1ef7","slug":"thiet-bi-tau-thuy","term_group":0,"term_taxonomy_id":51,"taxonomy":"brand","description":"","parent":0,"count":4,"filter":"raw"}],"product_brand":[],"product_cat":[36],"product_tag":[],"class_list":{"0":"post-1507","1":"product","2":"type-product","3":"status-publish","4":"has-post-thumbnail","6":"brand-thiet-bi-tau-thuy","7":"product_cat-duc-khuon-cat","9":"first","10":"instock","11":"shipping-taxable","12":"product-type-simple"},"_links":{"self":[{"href":"https:\/\/xstore.evps.dev\/ja\/wp-json\/wp\/v2\/product\/1507","targetHints":{"allow":["GET"]}}],"collection":[{"href":"https:\/\/xstore.evps.dev\/ja\/wp-json\/wp\/v2\/product"}],"about":[{"href":"https:\/\/xstore.evps.dev\/ja\/wp-json\/wp\/v2\/types\/product"}],"replies":[{"embeddable":true,"href":"https:\/\/xstore.evps.dev\/ja\/wp-json\/wp\/v2\/comments?post=1507"}],"version-history":[{"count":1,"href":"https:\/\/xstore.evps.dev\/ja\/wp-json\/wp\/v2\/product\/1507\/revisions"}],"predecessor-version":[{"id":1509,"href":"https:\/\/xstore.evps.dev\/ja\/wp-json\/wp\/v2\/product\/1507\/revisions\/1509"}],"wp:featuredmedia":[{"embeddable":true,"href":"https:\/\/xstore.evps.dev\/ja\/wp-json\/wp\/v2\/media\/1508"}],"wp:attachment":[{"href":"https:\/\/xstore.evps.dev\/ja\/wp-json\/wp\/v2\/media?parent=1507"}],"wp:term":[{"taxonomy":"brand","embeddable":true,"href":"https:\/\/xstore.evps.dev\/ja\/wp-json\/wp\/v2\/etheme_brands?post=1507"},{"taxonomy":"product_brand","embeddable":true,"href":"https:\/\/xstore.evps.dev\/ja\/wp-json\/wp\/v2\/product_brand?post=1507"},{"taxonomy":"product_cat","embeddable":true,"href":"https:\/\/xstore.evps.dev\/ja\/wp-json\/wp\/v2\/product_cat?post=1507"},{"taxonomy":"product_tag","embeddable":true,"href":"https:\/\/xstore.evps.dev\/ja\/wp-json\/wp\/v2\/product_tag?post=1507"}],"curies":[{"name":"wp","href":"https:\/\/api.w.org\/{rel}","templated":true}]}}