{"id":1550,"date":"2026-01-08T15:06:23","date_gmt":"2026-01-08T08:06:23","guid":{"rendered":"https:\/\/xstore.evps.dev\/?post_type=product&#038;p=1550"},"modified":"2026-01-11T09:09:25","modified_gmt":"2026-01-11T02:09:25","slug":"khop-noi-ong-nuoc-cua-hoa","status":"publish","type":"product","link":"https:\/\/xstore.evps.dev\/ja\/product\/khop-noi-ong-nuoc-cua-hoa\/","title":{"rendered":"Kh\u1edbp n\u1ed1i \u1ed1ng n\u01b0\u1edbc c\u1ee9a ho\u1ea3"},"content":{"rendered":"","protected":false},"excerpt":{"rendered":"<p><b>V\u1eadt li\u1ec7u:<\/b> Nh\u00f4m h\u1ee3p kim A319<\/p>\n<p><b>Ti\u00eau chu\u1ea9n \u00e1p d\u1ee5ng: <\/b>JIS B 0403 \u2013 SC8 ; JIS H 5202:2010<\/p>\n<p><b>Ph\u01b0\u01a1ng ph\u00e1p s\u1ea3n xu\u1ea5t:<\/b> \u0110\u00fac c\u00e1t t\u01b0\u01a1i (Sand Casting)<\/p>\n<p><b>M\u00f4 t\u1ea3: <\/b>Kh\u1edbp n\u1ed1i \u1ed1ng n\u01b0\u1edbc c\u1ee9u h\u1ecfa \u0111\u01b0\u1ee3c s\u1ea3n xu\u1ea5t b\u1eb1ng ph\u01b0\u01a1ng ph\u00e1p \u0111\u00fac c\u00e1t t\u1eeb nh\u00f4m h\u1ee3p kim A319, \u0111\u1ea3m b\u1ea3o \u0111\u1ed9 b\u1ec1n c\u01a1 h\u1ecdc, kh\u1ea3 n\u0103ng ch\u1ecbu \u00e1p l\u1ef1c v\u00e0 \u0111\u1ed9 \u1ed5n \u0111\u1ecbnh khi l\u00e0m vi\u1ec7c trong h\u1ec7 th\u1ed1ng ph\u00f2ng ch\u00e1y ch\u1eefa ch\u00e1y. S\u1ea3n ph\u1ea9m c\u00f3 k\u1ebft c\u1ea5u ch\u1eafc ch\u1eafn, c\u00e1c b\u1ec1 m\u1eb7t l\u1eafp gh\u00e9p v\u00e0 l\u1ed7 bul\u00f4ng \u0111\u01b0\u1ee3c gia c\u00f4ng ch\u00ednh x\u00e1c theo b\u1ea3n v\u1ebd, \u0111\u00e1p \u1ee9ng y\u00eau c\u1ea7u k\u1ef9 thu\u1eadt v\u00e0 \u0111\u1ed9 k\u00edn trong qu\u00e1 tr\u00ecnh v\u1eadn h\u00e0nh.<\/p>","protected":false},"featured_media":1551,"comment_status":"open","ping_status":"closed","template":"","meta":[],"etheme_brands":[{"term_id":53,"name":"Thi\u1ebft b\u1ecb ng\u00e0nh n\u01b0\u1edbc","slug":"thiet-bi-nganh-nuoc","term_group":0,"term_taxonomy_id":53,"taxonomy":"brand","description":"","parent":0,"count":7,"filter":"raw"}],"product_brand":[],"product_cat":[36],"product_tag":[],"class_list":{"0":"post-1550","1":"product","2":"type-product","3":"status-publish","4":"has-post-thumbnail","6":"brand-thiet-bi-nganh-nuoc","7":"product_cat-duc-khuon-cat","9":"first","10":"instock","11":"shipping-taxable","12":"product-type-simple"},"_links":{"self":[{"href":"https:\/\/xstore.evps.dev\/ja\/wp-json\/wp\/v2\/product\/1550","targetHints":{"allow":["GET"]}}],"collection":[{"href":"https:\/\/xstore.evps.dev\/ja\/wp-json\/wp\/v2\/product"}],"about":[{"href":"https:\/\/xstore.evps.dev\/ja\/wp-json\/wp\/v2\/types\/product"}],"replies":[{"embeddable":true,"href":"https:\/\/xstore.evps.dev\/ja\/wp-json\/wp\/v2\/comments?post=1550"}],"version-history":[{"count":1,"href":"https:\/\/xstore.evps.dev\/ja\/wp-json\/wp\/v2\/product\/1550\/revisions"}],"predecessor-version":[{"id":1552,"href":"https:\/\/xstore.evps.dev\/ja\/wp-json\/wp\/v2\/product\/1550\/revisions\/1552"}],"wp:featuredmedia":[{"embeddable":true,"href":"https:\/\/xstore.evps.dev\/ja\/wp-json\/wp\/v2\/media\/1551"}],"wp:attachment":[{"href":"https:\/\/xstore.evps.dev\/ja\/wp-json\/wp\/v2\/media?parent=1550"}],"wp:term":[{"taxonomy":"brand","embeddable":true,"href":"https:\/\/xstore.evps.dev\/ja\/wp-json\/wp\/v2\/etheme_brands?post=1550"},{"taxonomy":"product_brand","embeddable":true,"href":"https:\/\/xstore.evps.dev\/ja\/wp-json\/wp\/v2\/product_brand?post=1550"},{"taxonomy":"product_cat","embeddable":true,"href":"https:\/\/xstore.evps.dev\/ja\/wp-json\/wp\/v2\/product_cat?post=1550"},{"taxonomy":"product_tag","embeddable":true,"href":"https:\/\/xstore.evps.dev\/ja\/wp-json\/wp\/v2\/product_tag?post=1550"}],"curies":[{"name":"wp","href":"https:\/\/api.w.org\/{rel}","templated":true}]}}