{"id":1602,"date":"2026-01-09T08:14:41","date_gmt":"2026-01-09T01:14:41","guid":{"rendered":"https:\/\/xstore.evps.dev\/?post_type=product&#038;p=1602"},"modified":"2026-01-09T08:15:29","modified_gmt":"2026-01-09T01:15:29","slug":"thanh-do-du-tien-cap-ap","status":"publish","type":"product","link":"https:\/\/xstore.evps.dev\/ja\/product\/thanh-do-du-tien-cap-ap\/","title":{"rendered":"Thanh \u0111o\u031b\u0303 \u0111u\u0309 tie\u0323\u0302n cao a\u0301p"},"content":{"rendered":"","protected":false},"excerpt":{"rendered":"<ul>\n<li><b>V\u1eadt li\u1ec7u:<\/b> Nh\u00f4m h\u1ee3p kim AlSi10Mg<\/li>\n<li><b>Ti\u00eau chu\u1ea9n \u00e1p d\u1ee5ng: <\/b>JIS B 0403 \u2013 SC8; JIS H 5202:2010<\/li>\n<li><b>Ph\u01b0\u01a1ng ph\u00e1p s\u1ea3n xu\u1ea5t:<\/b> \u0110\u00fac c\u00e1t t\u01b0\u01a1i (Sand Casting)<\/li>\n<\/ul>\n<p><b>M\u00f4 t\u1ea3:<\/b> Thanh \u0111\u1ee1 \u0111\u1ee7 ti\u1ec7n cao \u00e1p \u0111\u01b0\u1ee3c s\u1ea3n xu\u1ea5t b\u1eb1ng ph\u01b0\u01a1ng ph\u00e1p \u0111\u00fac c\u00e1t t\u1eeb nh\u00f4m h\u1ee3p kim AlSi10Mg, \u0111\u1ea3m b\u1ea3o \u0111\u1ed9 b\u1ec1n c\u01a1 h\u1ecdc cao v\u00e0 kh\u1ea3 n\u0103ng l\u00e0m vi\u1ec7c \u1ed5n \u0111\u1ecbnh trong \u0111i\u1ec1u ki\u1ec7n ch\u1ecbu t\u1ea3i v\u00e0 \u00e1p l\u1ef1c l\u1edbn. S\u1ea3n ph\u1ea9m \u0111\u01b0\u1ee3c gia c\u00f4ng ch\u00ednh x\u00e1c theo b\u1ea3n v\u1ebd, c\u00e1c l\u1ed7 li\u00ean k\u1ebft v\u00e0 b\u1ec1 m\u1eb7t l\u1eafp gh\u00e9p \u0111\u00e1p \u1ee9ng y\u00eau c\u1ea7u k\u1ef9 thu\u1eadt, ph\u00f9 h\u1ee3p s\u1eed d\u1ee5ng trong c\u00e1c h\u1ec7 th\u1ed1ng thi\u1ebft b\u1ecb cao \u00e1p v\u00e0 \u1ee9ng d\u1ee5ng c\u00f4ng nghi\u1ec7p li\u00ean quan.<\/p>","protected":false},"featured_media":1603,"comment_status":"open","ping_status":"closed","template":"","meta":[],"etheme_brands":[],"product_brand":[],"product_cat":[36],"product_tag":[],"class_list":{"0":"post-1602","1":"product","2":"type-product","3":"status-publish","4":"has-post-thumbnail","6":"product_cat-duc-khuon-cat","8":"first","9":"instock","10":"shipping-taxable","11":"product-type-simple"},"_links":{"self":[{"href":"https:\/\/xstore.evps.dev\/ja\/wp-json\/wp\/v2\/product\/1602","targetHints":{"allow":["GET"]}}],"collection":[{"href":"https:\/\/xstore.evps.dev\/ja\/wp-json\/wp\/v2\/product"}],"about":[{"href":"https:\/\/xstore.evps.dev\/ja\/wp-json\/wp\/v2\/types\/product"}],"replies":[{"embeddable":true,"href":"https:\/\/xstore.evps.dev\/ja\/wp-json\/wp\/v2\/comments?post=1602"}],"version-history":[{"count":1,"href":"https:\/\/xstore.evps.dev\/ja\/wp-json\/wp\/v2\/product\/1602\/revisions"}],"predecessor-version":[{"id":1604,"href":"https:\/\/xstore.evps.dev\/ja\/wp-json\/wp\/v2\/product\/1602\/revisions\/1604"}],"wp:featuredmedia":[{"embeddable":true,"href":"https:\/\/xstore.evps.dev\/ja\/wp-json\/wp\/v2\/media\/1603"}],"wp:attachment":[{"href":"https:\/\/xstore.evps.dev\/ja\/wp-json\/wp\/v2\/media?parent=1602"}],"wp:term":[{"taxonomy":"brand","embeddable":true,"href":"https:\/\/xstore.evps.dev\/ja\/wp-json\/wp\/v2\/etheme_brands?post=1602"},{"taxonomy":"product_brand","embeddable":true,"href":"https:\/\/xstore.evps.dev\/ja\/wp-json\/wp\/v2\/product_brand?post=1602"},{"taxonomy":"product_cat","embeddable":true,"href":"https:\/\/xstore.evps.dev\/ja\/wp-json\/wp\/v2\/product_cat?post=1602"},{"taxonomy":"product_tag","embeddable":true,"href":"https:\/\/xstore.evps.dev\/ja\/wp-json\/wp\/v2\/product_tag?post=1602"}],"curies":[{"name":"wp","href":"https:\/\/api.w.org\/{rel}","templated":true}]}}