{"id":1608,"date":"2026-01-09T08:25:43","date_gmt":"2026-01-09T01:25:43","guid":{"rendered":"https:\/\/xstore.evps.dev\/?post_type=product&#038;p=1608"},"modified":"2026-01-09T08:25:43","modified_gmt":"2026-01-09T01:25:43","slug":"tam-do-ban-dieu-khien-dien-ap","status":"publish","type":"product","link":"https:\/\/xstore.evps.dev\/ja\/product\/tam-do-ban-dieu-khien-dien-ap\/","title":{"rendered":"T\u1ea5m \u0111\u1ee1 b\u00e0n \u0111i\u1ec1u khi\u1ec3n \u0111i\u1ec7n \u00e1p"},"content":{"rendered":"","protected":false},"excerpt":{"rendered":"<ul>\n<li><b>V\u1eadt li\u1ec7u:<\/b> Nh\u00f4m h\u1ee3p kim AlSi10Mg<\/li>\n<li><b>Ti\u00eau chu\u1ea9n \u00e1p d\u1ee5ng: <\/b>JIS B 0403 \u2013 SC8 &#8211; JIS H 5202:2010<\/li>\n<li><b>Ph\u01b0\u01a1ng ph\u00e1p s\u1ea3n xu\u1ea5t:<\/b> \u0110\u00fac c\u00e1t t\u01b0\u01a1i (Sand Casting)<\/li>\n<\/ul>\n<p><b>M\u00f4 t\u1ea3: <\/b>T\u1ea5m \u0111\u1ee1 b\u00e0n \u0111i\u1ec1u khi\u1ec3n \u0111i\u1ec7n \u00e1p \u0111\u01b0\u1ee3c s\u1ea3n xu\u1ea5t b\u1eb1ng ph\u01b0\u01a1ng ph\u00e1p \u0111\u00fac c\u00e1t t\u1eeb nh\u00f4m h\u1ee3p kim AlSi10Mg, \u0111\u1ea3m b\u1ea3o \u0111\u1ed9 b\u1ec1n c\u01a1 h\u1ecdc, \u0111\u1ed9 c\u1ee9ng v\u1eefng v\u00e0 \u0111\u1ed9 \u1ed5n \u0111\u1ecbnh trong qu\u00e1 tr\u00ecnh l\u1eafp \u0111\u1eb7t v\u00e0 v\u1eadn h\u00e0nh h\u1ec7 th\u1ed1ng \u0111i\u1ec1u khi\u1ec3n \u0111i\u1ec7n. S\u1ea3n ph\u1ea9m c\u00f3 h\u00ecnh d\u1ea1ng ch\u00ednh x\u00e1c theo b\u1ea3n v\u1ebd, k\u1ebft c\u1ea5u ch\u1eafc ch\u1eafn, ph\u00f9 h\u1ee3p s\u1eed d\u1ee5ng cho c\u00e1c b\u00e0n \u0111i\u1ec1u khi\u1ec3n v\u00e0 thi\u1ebft b\u1ecb \u0111i\u1ec7n c\u00f4ng nghi\u1ec7p.<\/p>","protected":false},"featured_media":1609,"comment_status":"open","ping_status":"closed","template":"","meta":[],"etheme_brands":[],"product_brand":[],"product_cat":[36],"product_tag":[],"class_list":{"0":"post-1608","1":"product","2":"type-product","3":"status-publish","4":"has-post-thumbnail","6":"product_cat-duc-khuon-cat","8":"first","9":"instock","10":"shipping-taxable","11":"product-type-simple"},"_links":{"self":[{"href":"https:\/\/xstore.evps.dev\/ja\/wp-json\/wp\/v2\/product\/1608","targetHints":{"allow":["GET"]}}],"collection":[{"href":"https:\/\/xstore.evps.dev\/ja\/wp-json\/wp\/v2\/product"}],"about":[{"href":"https:\/\/xstore.evps.dev\/ja\/wp-json\/wp\/v2\/types\/product"}],"replies":[{"embeddable":true,"href":"https:\/\/xstore.evps.dev\/ja\/wp-json\/wp\/v2\/comments?post=1608"}],"version-history":[{"count":1,"href":"https:\/\/xstore.evps.dev\/ja\/wp-json\/wp\/v2\/product\/1608\/revisions"}],"predecessor-version":[{"id":1610,"href":"https:\/\/xstore.evps.dev\/ja\/wp-json\/wp\/v2\/product\/1608\/revisions\/1610"}],"wp:featuredmedia":[{"embeddable":true,"href":"https:\/\/xstore.evps.dev\/ja\/wp-json\/wp\/v2\/media\/1609"}],"wp:attachment":[{"href":"https:\/\/xstore.evps.dev\/ja\/wp-json\/wp\/v2\/media?parent=1608"}],"wp:term":[{"taxonomy":"brand","embeddable":true,"href":"https:\/\/xstore.evps.dev\/ja\/wp-json\/wp\/v2\/etheme_brands?post=1608"},{"taxonomy":"product_brand","embeddable":true,"href":"https:\/\/xstore.evps.dev\/ja\/wp-json\/wp\/v2\/product_brand?post=1608"},{"taxonomy":"product_cat","embeddable":true,"href":"https:\/\/xstore.evps.dev\/ja\/wp-json\/wp\/v2\/product_cat?post=1608"},{"taxonomy":"product_tag","embeddable":true,"href":"https:\/\/xstore.evps.dev\/ja\/wp-json\/wp\/v2\/product_tag?post=1608"}],"curies":[{"name":"wp","href":"https:\/\/api.w.org\/{rel}","templated":true}]}}