{"id":1611,"date":"2026-01-09T08:34:47","date_gmt":"2026-01-09T01:34:47","guid":{"rendered":"https:\/\/xstore.evps.dev\/?post_type=product&#038;p=1611"},"modified":"2026-01-11T09:09:25","modified_gmt":"2026-01-11T02:09:25","slug":"lap-bao-ve-thiet-bi-cao-ap","status":"publish","type":"product","link":"https:\/\/xstore.evps.dev\/ja\/product\/lap-bao-ve-thiet-bi-cao-ap\/","title":{"rendered":"L\u1eafp b\u1ea3o v\u1ec7 thi\u1ebft b\u1ecb cao \u00e1p"},"content":{"rendered":"","protected":false},"excerpt":{"rendered":"<ul>\n<li><b>V\u1eadt li\u1ec7u:<\/b> Nh\u00f4m h\u1ee3p kim AC2B<\/li>\n<li><b>Ti\u00eau chu\u1ea9n \u00e1p d\u1ee5ng: <\/b>JIS B 0403 \u2013 SC8 &#8211; JIS H 5202:2010<\/li>\n<li><b>Ph\u01b0\u01a1ng ph\u00e1p s\u1ea3n xu\u1ea5t:<\/b> \u0110\u00fac c\u00e1t t\u01b0\u01a1i (Sand Casting)<\/li>\n<\/ul>\n<p><b>M\u00f4 t\u1ea3: <\/b>L\u1eafp b\u1ea3o v\u1ec7 thi\u1ebft b\u1ecb cao \u00e1p \u0111\u01b0\u1ee3c s\u1ea3n xu\u1ea5t b\u1eb1ng ph\u01b0\u01a1ng ph\u00e1p \u0111\u00fac c\u00e1t t\u1eeb nh\u00f4m h\u1ee3p kim AC2B, \u0111\u1ea3m b\u1ea3o \u0111\u1ed9 b\u1ec1n c\u01a1 h\u1ecdc, \u0111\u1ed9 c\u1ee9ng v\u1eefng v\u00e0 kh\u1ea3 n\u0103ng l\u00e0m vi\u1ec7c \u1ed5n \u0111\u1ecbnh trong \u0111i\u1ec1u ki\u1ec7n ch\u1ecbu \u00e1p l\u1ef1c cao. S\u1ea3n ph\u1ea9m \u0111\u01b0\u1ee3c gia c\u00f4ng ch\u00ednh x\u00e1c theo b\u1ea3n v\u1ebd, c\u00e1c l\u1ed7 li\u00ean k\u1ebft v\u00e0 b\u1ec1 m\u1eb7t l\u1eafp gh\u00e9p \u0111\u00e1p \u1ee9ng y\u00eau c\u1ea7u k\u1ef9 thu\u1eadt, ph\u00f9 h\u1ee3p s\u1eed d\u1ee5ng \u0111\u1ec3 b\u1ea3o v\u1ec7 v\u00e0 che ch\u1eafn cho c\u00e1c thi\u1ebft b\u1ecb trong h\u1ec7 th\u1ed1ng cao \u00e1p v\u00e0 \u1ee9ng d\u1ee5ng c\u00f4ng nghi\u1ec7p li\u00ean quan.<\/p>","protected":false},"featured_media":1533,"comment_status":"open","ping_status":"closed","template":"","meta":[],"etheme_brands":[{"term_id":53,"name":"Thi\u1ebft b\u1ecb ng\u00e0nh n\u01b0\u1edbc","slug":"thiet-bi-nganh-nuoc","term_group":0,"term_taxonomy_id":53,"taxonomy":"brand","description":"","parent":0,"count":7,"filter":"raw"}],"product_brand":[],"product_cat":[36],"product_tag":[],"class_list":{"0":"post-1611","1":"product","2":"type-product","3":"status-publish","4":"has-post-thumbnail","6":"brand-thiet-bi-nganh-nuoc","7":"product_cat-duc-khuon-cat","9":"first","10":"instock","11":"shipping-taxable","12":"product-type-simple"},"_links":{"self":[{"href":"https:\/\/xstore.evps.dev\/ja\/wp-json\/wp\/v2\/product\/1611","targetHints":{"allow":["GET"]}}],"collection":[{"href":"https:\/\/xstore.evps.dev\/ja\/wp-json\/wp\/v2\/product"}],"about":[{"href":"https:\/\/xstore.evps.dev\/ja\/wp-json\/wp\/v2\/types\/product"}],"replies":[{"embeddable":true,"href":"https:\/\/xstore.evps.dev\/ja\/wp-json\/wp\/v2\/comments?post=1611"}],"version-history":[{"count":1,"href":"https:\/\/xstore.evps.dev\/ja\/wp-json\/wp\/v2\/product\/1611\/revisions"}],"predecessor-version":[{"id":1612,"href":"https:\/\/xstore.evps.dev\/ja\/wp-json\/wp\/v2\/product\/1611\/revisions\/1612"}],"wp:featuredmedia":[{"embeddable":true,"href":"https:\/\/xstore.evps.dev\/ja\/wp-json\/wp\/v2\/media\/1533"}],"wp:attachment":[{"href":"https:\/\/xstore.evps.dev\/ja\/wp-json\/wp\/v2\/media?parent=1611"}],"wp:term":[{"taxonomy":"brand","embeddable":true,"href":"https:\/\/xstore.evps.dev\/ja\/wp-json\/wp\/v2\/etheme_brands?post=1611"},{"taxonomy":"product_brand","embeddable":true,"href":"https:\/\/xstore.evps.dev\/ja\/wp-json\/wp\/v2\/product_brand?post=1611"},{"taxonomy":"product_cat","embeddable":true,"href":"https:\/\/xstore.evps.dev\/ja\/wp-json\/wp\/v2\/product_cat?post=1611"},{"taxonomy":"product_tag","embeddable":true,"href":"https:\/\/xstore.evps.dev\/ja\/wp-json\/wp\/v2\/product_tag?post=1611"}],"curies":[{"name":"wp","href":"https:\/\/api.w.org\/{rel}","templated":true}]}}