{"id":1613,"date":"2026-01-09T08:37:10","date_gmt":"2026-01-09T01:37:10","guid":{"rendered":"https:\/\/xstore.evps.dev\/?post_type=product&#038;p=1613"},"modified":"2026-01-11T09:09:48","modified_gmt":"2026-01-11T02:09:48","slug":"hop-dong-co","status":"publish","type":"product","link":"https:\/\/xstore.evps.dev\/ja\/product\/hop-dong-co\/","title":{"rendered":"H\u1ed9p \u0111\u1ed9ng c\u01a1"},"content":{"rendered":"","protected":false},"excerpt":{"rendered":"<ul>\n<li><b>V\u1eadt li\u1ec7u:<\/b> Nh\u00f4m h\u1ee3p kim AC7A<\/li>\n<li><b>Ti\u00eau chu\u1ea9n \u00e1p d\u1ee5ng: <\/b>JIS B 0403 \u2013 SC8 &#8211; JIS H 5202:2010<\/li>\n<li><b>Ph\u01b0\u01a1ng ph\u00e1p s\u1ea3n xu\u1ea5t:<\/b> \u0110\u00fac c\u00e1t t\u01b0\u01a1i (Sand Casting)<\/li>\n<\/ul>\n<p><b>M\u00f4 t\u1ea3: <\/b>H\u1ed9p \u0111\u1ed9ng c\u01a1 \u0111\u01b0\u1ee3c s\u1ea3n xu\u1ea5t b\u1eb1ng ph\u01b0\u01a1ng ph\u00e1p \u0111\u00fac c\u00e1t t\u1eeb nh\u00f4m h\u1ee3p kim AC7A, ph\u00f9 h\u1ee3p cho c\u00e1c chi ti\u1ebft c\u00f3 k\u00edch th\u01b0\u1edbc l\u1edbn, k\u1ebft c\u1ea5u ph\u1ee9c t\u1ea1p v\u00e0 y\u00eau c\u1ea7u \u0111\u1ed9 b\u1ec1n cao. S\u1ea3n ph\u1ea9m \u0111\u1ea3m b\u1ea3o \u0111\u1ed9 c\u1ee9ng v\u1eefng, kh\u1ea3 n\u0103ng ch\u1ecbu t\u1ea3i v\u00e0 \u0111\u1ed9 \u1ed5n \u0111\u1ecbnh trong qu\u00e1 tr\u00ecnh v\u1eadn h\u00e0nh \u0111\u1ed9ng c\u01a1. C\u00e1c b\u1ec1 m\u1eb7t l\u1eafp gh\u00e9p v\u00e0 v\u1ecb tr\u00ed li\u00ean k\u1ebft \u0111\u01b0\u1ee3c gia c\u00f4ng theo b\u1ea3n v\u1ebd, \u0111\u00e1p \u1ee9ng y\u00eau c\u1ea7u k\u1ef9 thu\u1eadt cho c\u00e1c \u1ee9ng d\u1ee5ng trong l\u0129nh v\u1ef1c c\u01a1 kh\u00ed v\u00e0 c\u00f4ng nghi\u1ec7p.<\/p>","protected":false},"featured_media":1614,"comment_status":"open","ping_status":"closed","template":"","meta":[],"etheme_brands":[{"term_id":52,"name":"Thi\u1ebft b\u1ecb xe m\u00e1y, \u0111i\u1ec7n","slug":"thiet-bi-xe-may-dien","term_group":0,"term_taxonomy_id":52,"taxonomy":"brand","description":"","parent":0,"count":3,"filter":"raw"}],"product_brand":[],"product_cat":[36],"product_tag":[],"class_list":{"0":"post-1613","1":"product","2":"type-product","3":"status-publish","4":"has-post-thumbnail","6":"brand-thiet-bi-xe-may-dien","7":"product_cat-duc-khuon-cat","9":"first","10":"instock","11":"shipping-taxable","12":"product-type-simple"},"_links":{"self":[{"href":"https:\/\/xstore.evps.dev\/ja\/wp-json\/wp\/v2\/product\/1613","targetHints":{"allow":["GET"]}}],"collection":[{"href":"https:\/\/xstore.evps.dev\/ja\/wp-json\/wp\/v2\/product"}],"about":[{"href":"https:\/\/xstore.evps.dev\/ja\/wp-json\/wp\/v2\/types\/product"}],"replies":[{"embeddable":true,"href":"https:\/\/xstore.evps.dev\/ja\/wp-json\/wp\/v2\/comments?post=1613"}],"version-history":[{"count":1,"href":"https:\/\/xstore.evps.dev\/ja\/wp-json\/wp\/v2\/product\/1613\/revisions"}],"predecessor-version":[{"id":1615,"href":"https:\/\/xstore.evps.dev\/ja\/wp-json\/wp\/v2\/product\/1613\/revisions\/1615"}],"wp:featuredmedia":[{"embeddable":true,"href":"https:\/\/xstore.evps.dev\/ja\/wp-json\/wp\/v2\/media\/1614"}],"wp:attachment":[{"href":"https:\/\/xstore.evps.dev\/ja\/wp-json\/wp\/v2\/media?parent=1613"}],"wp:term":[{"taxonomy":"brand","embeddable":true,"href":"https:\/\/xstore.evps.dev\/ja\/wp-json\/wp\/v2\/etheme_brands?post=1613"},{"taxonomy":"product_brand","embeddable":true,"href":"https:\/\/xstore.evps.dev\/ja\/wp-json\/wp\/v2\/product_brand?post=1613"},{"taxonomy":"product_cat","embeddable":true,"href":"https:\/\/xstore.evps.dev\/ja\/wp-json\/wp\/v2\/product_cat?post=1613"},{"taxonomy":"product_tag","embeddable":true,"href":"https:\/\/xstore.evps.dev\/ja\/wp-json\/wp\/v2\/product_tag?post=1613"}],"curies":[{"name":"wp","href":"https:\/\/api.w.org\/{rel}","templated":true}]}}