{"id":1616,"date":"2026-01-09T08:49:43","date_gmt":"2026-01-09T01:49:43","guid":{"rendered":"https:\/\/xstore.evps.dev\/?post_type=product&#038;p=1616"},"modified":"2026-01-11T09:09:47","modified_gmt":"2026-01-11T02:09:47","slug":"tam-tan-nhiet-den-led","status":"publish","type":"product","link":"https:\/\/xstore.evps.dev\/ja\/product\/tam-tan-nhiet-den-led\/","title":{"rendered":"T\u1ea5m t\u1ea3n nhi\u1ec7t \u0111\u00e8n led"},"content":{"rendered":"","protected":false},"excerpt":{"rendered":"<ul>\n<li><b>V\u1eadt li\u1ec7u:<\/b> Nh\u00f4m h\u1ee3p kim ADC12<\/li>\n<li><b>Ti\u00eau chu\u1ea9n \u00e1p d\u1ee5ng: <\/b>JIS B 0403 \u2013 SC8 &#8211; JIS H 5202:2010<\/li>\n<li><b>Ph\u01b0\u01a1ng ph\u00e1p s\u1ea3n xu\u1ea5t:<\/b> \u0110\u00fac \u00e1p l\u1ef1c cao (High Pressure Die Casting)<\/li>\n<\/ul>\n<p><b>M\u00f4 t\u1ea3: <\/b>T\u1ea5m t\u1ea3n nhi\u1ec7t \u0111\u00e8n LED \u0111\u01b0\u1ee3c s\u1ea3n xu\u1ea5t b\u1eb1ng ph\u01b0\u01a1ng ph\u00e1p \u0111\u00fac \u00e1p l\u1ef1c cao t\u1eeb nh\u00f4m h\u1ee3p kim ADC12, \u0111\u1ea3m b\u1ea3o \u0111\u1ed9 ch\u00ednh x\u00e1c h\u00ecnh d\u1ea1ng, b\u1ec1 m\u1eb7t ho\u00e0n thi\u1ec7n t\u1ed1t v\u00e0 kh\u1ea3 n\u0103ng truy\u1ec1n \u2013 t\u1ea3n nhi\u1ec7t hi\u1ec7u qu\u1ea3. K\u1ebft c\u1ea5u c\u00e1nh t\u1ea3n nhi\u1ec7t \u0111\u01b0\u1ee3c thi\u1ebft k\u1ebf t\u1ed1i \u01b0u nh\u1eb1m t\u0103ng di\u1ec7n t\u00edch ti\u1ebfp x\u00fac v\u1edbi kh\u00f4ng kh\u00ed, gi\u00fap n\u00e2ng cao hi\u1ec7u su\u1ea5t l\u00e0m m\u00e1t v\u00e0 k\u00e9o d\u00e0i tu\u1ed5i th\u1ecd c\u1ee7a \u0111\u00e8n LED, ph\u00f9 h\u1ee3p cho c\u00e1c \u1ee9ng d\u1ee5ng chi\u1ebfu s\u00e1ng c\u00f4ng nghi\u1ec7p v\u00e0 d\u00e2n d\u1ee5ng.<\/p>","protected":false},"featured_media":1617,"comment_status":"open","ping_status":"closed","template":"","meta":[],"etheme_brands":[{"term_id":52,"name":"Thi\u1ebft b\u1ecb xe m\u00e1y, \u0111i\u1ec7n","slug":"thiet-bi-xe-may-dien","term_group":0,"term_taxonomy_id":52,"taxonomy":"brand","description":"","parent":0,"count":3,"filter":"raw"}],"product_brand":[],"product_cat":[37],"product_tag":[],"class_list":{"0":"post-1616","1":"product","2":"type-product","3":"status-publish","4":"has-post-thumbnail","6":"brand-thiet-bi-xe-may-dien","7":"product_cat-duc-ap-luc","9":"first","10":"instock","11":"shipping-taxable","12":"product-type-simple"},"_links":{"self":[{"href":"https:\/\/xstore.evps.dev\/ja\/wp-json\/wp\/v2\/product\/1616","targetHints":{"allow":["GET"]}}],"collection":[{"href":"https:\/\/xstore.evps.dev\/ja\/wp-json\/wp\/v2\/product"}],"about":[{"href":"https:\/\/xstore.evps.dev\/ja\/wp-json\/wp\/v2\/types\/product"}],"replies":[{"embeddable":true,"href":"https:\/\/xstore.evps.dev\/ja\/wp-json\/wp\/v2\/comments?post=1616"}],"version-history":[{"count":1,"href":"https:\/\/xstore.evps.dev\/ja\/wp-json\/wp\/v2\/product\/1616\/revisions"}],"predecessor-version":[{"id":1618,"href":"https:\/\/xstore.evps.dev\/ja\/wp-json\/wp\/v2\/product\/1616\/revisions\/1618"}],"wp:featuredmedia":[{"embeddable":true,"href":"https:\/\/xstore.evps.dev\/ja\/wp-json\/wp\/v2\/media\/1617"}],"wp:attachment":[{"href":"https:\/\/xstore.evps.dev\/ja\/wp-json\/wp\/v2\/media?parent=1616"}],"wp:term":[{"taxonomy":"brand","embeddable":true,"href":"https:\/\/xstore.evps.dev\/ja\/wp-json\/wp\/v2\/etheme_brands?post=1616"},{"taxonomy":"product_brand","embeddable":true,"href":"https:\/\/xstore.evps.dev\/ja\/wp-json\/wp\/v2\/product_brand?post=1616"},{"taxonomy":"product_cat","embeddable":true,"href":"https:\/\/xstore.evps.dev\/ja\/wp-json\/wp\/v2\/product_cat?post=1616"},{"taxonomy":"product_tag","embeddable":true,"href":"https:\/\/xstore.evps.dev\/ja\/wp-json\/wp\/v2\/product_tag?post=1616"}],"curies":[{"name":"wp","href":"https:\/\/api.w.org\/{rel}","templated":true}]}}