{"id":1619,"date":"2026-01-09T09:08:21","date_gmt":"2026-01-09T02:08:21","guid":{"rendered":"https:\/\/xstore.evps.dev\/?post_type=product&#038;p=1619"},"modified":"2026-01-11T09:09:47","modified_gmt":"2026-01-11T02:09:47","slug":"tay-phanh-xe-may-dien","status":"publish","type":"product","link":"https:\/\/xstore.evps.dev\/ja\/product\/tay-phanh-xe-may-dien\/","title":{"rendered":"Tay phanh xe m\u00e1y \u0111i\u1ec7n"},"content":{"rendered":"","protected":false},"excerpt":{"rendered":"<ul>\n<li><b>V\u1eadt li\u1ec7u:<\/b> Nh\u00f4m h\u1ee3p kim ADC12<\/li>\n<li><b>Ti\u00eau chu\u1ea9n \u00e1p d\u1ee5ng: <\/b>JIS B 0403 \u2013 SC8 &#8211; JIS H 5202:2010<\/li>\n<li><b>Ph\u01b0\u01a1ng ph\u00e1p s\u1ea3n xu\u1ea5t:<\/b> \u0110\u00fac \u00e1p l\u1ef1c cao (High Pressure Die Casting)<\/li>\n<\/ul>\n<p><b>M\u00f4 t\u1ea3: <\/b>Tay phanh xe m\u00e1y \u0111i\u1ec7n \u0111\u01b0\u1ee3c s\u1ea3n xu\u1ea5t b\u1eb1ng ph\u01b0\u01a1ng ph\u00e1p \u0111\u00fac \u00e1p l\u1ef1c cao t\u1eeb nh\u00f4m h\u1ee3p kim ADC12, \u0111\u1ea3m b\u1ea3o \u0111\u1ed9 b\u1ec1n c\u01a1 h\u1ecdc, \u0111\u1ed9 ch\u00ednh x\u00e1c h\u00ecnh d\u1ea1ng v\u00e0 b\u1ec1 m\u1eb7t ho\u00e0n thi\u1ec7n t\u1ed1t. S\u1ea3n ph\u1ea9m c\u00f3 k\u1ebft c\u1ea5u ch\u1eafc ch\u1eafn, thao t\u00e1c v\u1eadn h\u00e0nh \u1ed5n \u0111\u1ecbnh, ph\u00f9 h\u1ee3p l\u1eafp \u0111\u1eb7t cho h\u1ec7 th\u1ed1ng phanh c\u1ee7a xe m\u00e1y \u0111i\u1ec7n v\u00e0 c\u00e1c ph\u01b0\u01a1ng ti\u1ec7n \u0111i\u1ec7n t\u01b0\u01a1ng t\u1ef1.<\/p>","protected":false},"featured_media":1620,"comment_status":"open","ping_status":"closed","template":"","meta":[],"etheme_brands":[{"term_id":52,"name":"Thi\u1ebft b\u1ecb xe m\u00e1y, \u0111i\u1ec7n","slug":"thiet-bi-xe-may-dien","term_group":0,"term_taxonomy_id":52,"taxonomy":"brand","description":"","parent":0,"count":3,"filter":"raw"}],"product_brand":[],"product_cat":[37],"product_tag":[],"class_list":{"0":"post-1619","1":"product","2":"type-product","3":"status-publish","4":"has-post-thumbnail","6":"brand-thiet-bi-xe-may-dien","7":"product_cat-duc-ap-luc","9":"first","10":"instock","11":"shipping-taxable","12":"product-type-simple"},"_links":{"self":[{"href":"https:\/\/xstore.evps.dev\/ja\/wp-json\/wp\/v2\/product\/1619","targetHints":{"allow":["GET"]}}],"collection":[{"href":"https:\/\/xstore.evps.dev\/ja\/wp-json\/wp\/v2\/product"}],"about":[{"href":"https:\/\/xstore.evps.dev\/ja\/wp-json\/wp\/v2\/types\/product"}],"replies":[{"embeddable":true,"href":"https:\/\/xstore.evps.dev\/ja\/wp-json\/wp\/v2\/comments?post=1619"}],"version-history":[{"count":1,"href":"https:\/\/xstore.evps.dev\/ja\/wp-json\/wp\/v2\/product\/1619\/revisions"}],"predecessor-version":[{"id":1621,"href":"https:\/\/xstore.evps.dev\/ja\/wp-json\/wp\/v2\/product\/1619\/revisions\/1621"}],"wp:featuredmedia":[{"embeddable":true,"href":"https:\/\/xstore.evps.dev\/ja\/wp-json\/wp\/v2\/media\/1620"}],"wp:attachment":[{"href":"https:\/\/xstore.evps.dev\/ja\/wp-json\/wp\/v2\/media?parent=1619"}],"wp:term":[{"taxonomy":"brand","embeddable":true,"href":"https:\/\/xstore.evps.dev\/ja\/wp-json\/wp\/v2\/etheme_brands?post=1619"},{"taxonomy":"product_brand","embeddable":true,"href":"https:\/\/xstore.evps.dev\/ja\/wp-json\/wp\/v2\/product_brand?post=1619"},{"taxonomy":"product_cat","embeddable":true,"href":"https:\/\/xstore.evps.dev\/ja\/wp-json\/wp\/v2\/product_cat?post=1619"},{"taxonomy":"product_tag","embeddable":true,"href":"https:\/\/xstore.evps.dev\/ja\/wp-json\/wp\/v2\/product_tag?post=1619"}],"curies":[{"name":"wp","href":"https:\/\/api.w.org\/{rel}","templated":true}]}}