{"id":1622,"date":"2026-01-09T09:10:03","date_gmt":"2026-01-09T02:10:03","guid":{"rendered":"https:\/\/xstore.evps.dev\/?post_type=product&#038;p=1622"},"modified":"2026-01-11T09:09:25","modified_gmt":"2026-01-11T02:09:25","slug":"cut-noi-tron","status":"publish","type":"product","link":"https:\/\/xstore.evps.dev\/ja\/product\/cut-noi-tron\/","title":{"rendered":"C\u00fat n\u1ed1i tr\u00f2n"},"content":{"rendered":"","protected":false},"excerpt":{"rendered":"<ul>\n<li><b>V\u1eadt li\u1ec7u:<\/b> Nh\u00f4m h\u1ee3p kim ADC12<\/li>\n<li><b>Ti\u00eau chu\u1ea9n \u00e1p d\u1ee5ng: <\/b>JIS B 0403 \u2013 SC8 &#8211; JIS H 5202:2010<\/li>\n<li><b>Ph\u01b0\u01a1ng ph\u00e1p s\u1ea3n xu\u1ea5t:<\/b> \u0110\u00fac \u00e1p l\u1ef1c cao (High Pressure Die Casting)<\/li>\n<\/ul>\n<p><b>M\u00f4 t\u1ea3: <\/b>C\u00fat n\u1ed1i tr\u00f2n \u0111\u01b0\u1ee3c s\u1ea3n xu\u1ea5t b\u1eb1ng ph\u01b0\u01a1ng ph\u00e1p \u0111\u00fac \u00e1p l\u1ef1c cao t\u1eeb nh\u00f4m h\u1ee3p kim ADC12, \u0111\u1ea3m b\u1ea3o \u0111\u1ed9 ch\u00ednh x\u00e1c k\u00edch th\u01b0\u1edbc, b\u1ec1 m\u1eb7t ho\u00e0n thi\u1ec7n t\u1ed1t v\u00e0 t\u00ednh \u0111\u1ed3ng \u0111\u1ec1u cao gi\u1eefa c\u00e1c s\u1ea3n ph\u1ea9m. S\u1ea3n ph\u1ea9m c\u00f3 k\u1ebft c\u1ea5u ch\u1eafc ch\u1eafn, ph\u00f9 h\u1ee3p s\u1eed d\u1ee5ng \u0111\u1ec3 li\u00ean k\u1ebft c\u00e1c \u1ed1ng v\u00e0 chi ti\u1ebft tr\u00f2n trong h\u1ec7 th\u1ed1ng d\u1eabn, k\u1ebft c\u1ea5u c\u01a1 kh\u00ed v\u00e0 c\u00e1c \u1ee9ng d\u1ee5ng c\u00f4ng nghi\u1ec7p y\u00eau c\u1ea7u \u0111\u1ed9 \u1ed5n \u0111\u1ecbnh v\u00e0 \u0111\u1ed9 l\u1eb7p l\u1ea1i cao.<\/p>","protected":false},"featured_media":1623,"comment_status":"open","ping_status":"closed","template":"","meta":[],"etheme_brands":[{"term_id":53,"name":"Thi\u1ebft b\u1ecb ng\u00e0nh n\u01b0\u1edbc","slug":"thiet-bi-nganh-nuoc","term_group":0,"term_taxonomy_id":53,"taxonomy":"brand","description":"","parent":0,"count":7,"filter":"raw"}],"product_brand":[],"product_cat":[37],"product_tag":[],"class_list":{"0":"post-1622","1":"product","2":"type-product","3":"status-publish","4":"has-post-thumbnail","6":"brand-thiet-bi-nganh-nuoc","7":"product_cat-duc-ap-luc","9":"first","10":"instock","11":"shipping-taxable","12":"product-type-simple"},"_links":{"self":[{"href":"https:\/\/xstore.evps.dev\/ja\/wp-json\/wp\/v2\/product\/1622","targetHints":{"allow":["GET"]}}],"collection":[{"href":"https:\/\/xstore.evps.dev\/ja\/wp-json\/wp\/v2\/product"}],"about":[{"href":"https:\/\/xstore.evps.dev\/ja\/wp-json\/wp\/v2\/types\/product"}],"replies":[{"embeddable":true,"href":"https:\/\/xstore.evps.dev\/ja\/wp-json\/wp\/v2\/comments?post=1622"}],"version-history":[{"count":1,"href":"https:\/\/xstore.evps.dev\/ja\/wp-json\/wp\/v2\/product\/1622\/revisions"}],"predecessor-version":[{"id":1624,"href":"https:\/\/xstore.evps.dev\/ja\/wp-json\/wp\/v2\/product\/1622\/revisions\/1624"}],"wp:featuredmedia":[{"embeddable":true,"href":"https:\/\/xstore.evps.dev\/ja\/wp-json\/wp\/v2\/media\/1623"}],"wp:attachment":[{"href":"https:\/\/xstore.evps.dev\/ja\/wp-json\/wp\/v2\/media?parent=1622"}],"wp:term":[{"taxonomy":"brand","embeddable":true,"href":"https:\/\/xstore.evps.dev\/ja\/wp-json\/wp\/v2\/etheme_brands?post=1622"},{"taxonomy":"product_brand","embeddable":true,"href":"https:\/\/xstore.evps.dev\/ja\/wp-json\/wp\/v2\/product_brand?post=1622"},{"taxonomy":"product_cat","embeddable":true,"href":"https:\/\/xstore.evps.dev\/ja\/wp-json\/wp\/v2\/product_cat?post=1622"},{"taxonomy":"product_tag","embeddable":true,"href":"https:\/\/xstore.evps.dev\/ja\/wp-json\/wp\/v2\/product_tag?post=1622"}],"curies":[{"name":"wp","href":"https:\/\/api.w.org\/{rel}","templated":true}]}}