{"id":1628,"date":"2026-01-09T09:13:07","date_gmt":"2026-01-09T02:13:07","guid":{"rendered":"https:\/\/xstore.evps.dev\/?post_type=product&#038;p=1628"},"modified":"2026-01-11T10:24:56","modified_gmt":"2026-01-11T03:24:56","slug":"tay-ghe","status":"publish","type":"product","link":"https:\/\/xstore.evps.dev\/ja\/product\/tay-ghe\/","title":{"rendered":"Tay gh\u1ebf"},"content":{"rendered":"","protected":false},"excerpt":{"rendered":"<ul>\n<li><b>V\u1eadt li\u1ec7u:<\/b> Nh\u00f4m h\u1ee3p kim AlSi10Mg<\/li>\n<li><b>Ti\u00eau chu\u1ea9n \u00e1p d\u1ee5ng: <\/b>JIS B 0403 \u2013 SC8 | JIS H 5202:2010<\/li>\n<li><b>Ph\u01b0\u01a1ng ph\u00e1p s\u1ea3n xu\u1ea5t:<\/b> \u0110\u00fac tr\u1ecdng l\u1ef1c<\/li>\n<\/ul>\n<p><b>M\u00f4 t\u1ea3: <\/b>Tay gh\u1ebf \u0111\u01b0\u1ee3c s\u1ea3n xu\u1ea5t b\u1eb1ng ph\u01b0\u01a1ng ph\u00e1p \u0111\u00fac \u00e1p l\u1ef1c cao t\u1eeb nh\u00f4m h\u1ee3p kim AlSi10Mg, \u0111\u1ea3m b\u1ea3o \u0111\u1ed9 b\u1ec1n c\u01a1 h\u1ecdc, \u0111\u1ed9 c\u1ee9ng v\u1eefng v\u00e0 \u0111\u1ed9 ch\u00ednh x\u00e1c h\u00ecnh d\u1ea1ng cao. S\u1ea3n ph\u1ea9m c\u00f3 k\u1ebft c\u1ea5u g\u1ecdn, b\u1ec1 m\u1eb7t ho\u00e0n thi\u1ec7n t\u1ed1t, ph\u00f9 h\u1ee3p l\u1eafp \u0111\u1eb7t cho c\u00e1c lo\u1ea1i gh\u1ebf c\u00f4ng nghi\u1ec7p, gh\u1ebf k\u1ef9 thu\u1eadt v\u00e0 c\u00e1c \u1ee9ng d\u1ee5ng n\u1ed9i th\u1ea5t y\u00eau c\u1ea7u \u0111\u1ed9 b\u1ec1n v\u00e0 t\u00ednh th\u1ea9m m\u1ef9.<\/p>","protected":false},"featured_media":1629,"comment_status":"open","ping_status":"closed","template":"","meta":[],"etheme_brands":[],"product_brand":[55],"product_cat":[35],"product_tag":[],"class_list":{"0":"post-1628","1":"product","2":"type-product","3":"status-publish","4":"has-post-thumbnail","6":"product_brand-nganh-1","7":"product_cat-duc-trong-luc","9":"first","10":"instock","11":"shipping-taxable","12":"product-type-simple"},"_links":{"self":[{"href":"https:\/\/xstore.evps.dev\/ja\/wp-json\/wp\/v2\/product\/1628","targetHints":{"allow":["GET"]}}],"collection":[{"href":"https:\/\/xstore.evps.dev\/ja\/wp-json\/wp\/v2\/product"}],"about":[{"href":"https:\/\/xstore.evps.dev\/ja\/wp-json\/wp\/v2\/types\/product"}],"replies":[{"embeddable":true,"href":"https:\/\/xstore.evps.dev\/ja\/wp-json\/wp\/v2\/comments?post=1628"}],"version-history":[{"count":1,"href":"https:\/\/xstore.evps.dev\/ja\/wp-json\/wp\/v2\/product\/1628\/revisions"}],"predecessor-version":[{"id":1630,"href":"https:\/\/xstore.evps.dev\/ja\/wp-json\/wp\/v2\/product\/1628\/revisions\/1630"}],"wp:featuredmedia":[{"embeddable":true,"href":"https:\/\/xstore.evps.dev\/ja\/wp-json\/wp\/v2\/media\/1629"}],"wp:attachment":[{"href":"https:\/\/xstore.evps.dev\/ja\/wp-json\/wp\/v2\/media?parent=1628"}],"wp:term":[{"taxonomy":"brand","embeddable":true,"href":"https:\/\/xstore.evps.dev\/ja\/wp-json\/wp\/v2\/etheme_brands?post=1628"},{"taxonomy":"product_brand","embeddable":true,"href":"https:\/\/xstore.evps.dev\/ja\/wp-json\/wp\/v2\/product_brand?post=1628"},{"taxonomy":"product_cat","embeddable":true,"href":"https:\/\/xstore.evps.dev\/ja\/wp-json\/wp\/v2\/product_cat?post=1628"},{"taxonomy":"product_tag","embeddable":true,"href":"https:\/\/xstore.evps.dev\/ja\/wp-json\/wp\/v2\/product_tag?post=1628"}],"curies":[{"name":"wp","href":"https:\/\/api.w.org\/{rel}","templated":true}]}}